{"id":22,"date":"2023-05-31T09:41:37","date_gmt":"2023-05-31T09:41:37","guid":{"rendered":"https:\/\/expansionyfinanzas.com\/?page_id=22"},"modified":"2024-12-20T11:02:22","modified_gmt":"2024-12-20T11:02:22","slug":"accesibilidad","status":"publish","type":"page","link":"https:\/\/expansionyfinanzas.com\/?page_id=22","title":{"rendered":"Declaraci\u00f3n de Accesibilidad"},"content":{"rendered":"\t\t<div data-elementor-type=\"wp-page\" data-elementor-id=\"22\" class=\"elementor elementor-22\" data-elementor-post-type=\"page\">\n\t\t\t\t\t\t<section class=\"elementor-section elementor-top-section elementor-element elementor-element-8de9085 elementor-section-boxed elementor-section-height-default elementor-section-height-default\" data-id=\"8de9085\" data-element_type=\"section\" data-e-type=\"section\">\n\t\t\t\t\t\t<div class=\"elementor-container elementor-column-gap-default\">\n\t\t\t\t\t<div class=\"elementor-column elementor-col-100 elementor-top-column elementor-element elementor-element-c4ad08d\" data-id=\"c4ad08d\" data-element_type=\"column\" data-e-type=\"column\">\n\t\t\t<div class=\"elementor-widget-wrap elementor-element-populated\">\n\t\t\t\t\t\t<div class=\"elementor-element elementor-element-579a6ea elementor-widget elementor-widget-heading\" data-id=\"579a6ea\" data-element_type=\"widget\" data-e-type=\"widget\" data-widget_type=\"heading.default\">\n\t\t\t\t<div class=\"elementor-widget-container\">\n\t\t\t\t\t<h2 class=\"elementor-heading-title elementor-size-default\">Declaraci\u00f3n de accesibilidad<\/h2>\t\t\t\t<\/div>\n\t\t\t\t<\/div>\n\t\t\t\t<div class=\"elementor-element elementor-element-df7ea07 elementor-widget elementor-widget-text-editor\" data-id=\"df7ea07\" data-element_type=\"widget\" data-e-type=\"widget\" data-widget_type=\"text-editor.default\">\n\t\t\t\t<div class=\"elementor-widget-container\">\n\t\t\t\t\t\t\t\t\t<p><b>2.1. INTRODUCCIO\u0301N<\/b><\/p><p style=\"background: white; vertical-align: baseline; margin: 0cm 0cm 3.75pt 0cm;\"><span style=\"font-family: Roboto; color: #323338;\">RCI EXPANSION FINANCIERA, S.L. <\/span>se ha comprometido a hacer accesible www.expansionyfinanzas.com, de conformidad con <span data-sheets-value=\"{&quot;1&quot;:2,&quot;2&quot;:&quot;UNE-EN 301 549:2022 - excluyendo el contenido excluido por el RD 1112\/2018&quot;}\" data-sheets-userformat=\"{&quot;2&quot;:30975,&quot;3&quot;:{&quot;1&quot;:0,&quot;3&quot;:1},&quot;4&quot;:{&quot;1&quot;:2,&quot;2&quot;:14608111},&quot;5&quot;:{&quot;1&quot;:[{&quot;1&quot;:2,&quot;2&quot;:0,&quot;5&quot;:{&quot;1&quot;:2,&quot;2&quot;:7512015}},{&quot;1&quot;:0,&quot;2&quot;:0,&quot;3&quot;:1},{&quot;1&quot;:1,&quot;2&quot;:0,&quot;4&quot;:1}]},&quot;6&quot;:{&quot;1&quot;:[{&quot;1&quot;:2,&quot;2&quot;:0,&quot;5&quot;:{&quot;1&quot;:2,&quot;2&quot;:7512015}},{&quot;1&quot;:0,&quot;2&quot;:0,&quot;3&quot;:1},{&quot;1&quot;:1,&quot;2&quot;:0,&quot;4&quot;:1}]},&quot;7&quot;:{&quot;1&quot;:[{&quot;1&quot;:2,&quot;2&quot;:0,&quot;5&quot;:{&quot;1&quot;:2,&quot;2&quot;:7512015}},{&quot;1&quot;:0,&quot;2&quot;:0,&quot;3&quot;:1},{&quot;1&quot;:1,&quot;2&quot;:0,&quot;4&quot;:1}]},&quot;8&quot;:{&quot;1&quot;:[{&quot;1&quot;:2,&quot;2&quot;:0,&quot;5&quot;:{&quot;1&quot;:2,&quot;2&quot;:7512015}},{&quot;1&quot;:0,&quot;2&quot;:0,&quot;3&quot;:1},{&quot;1&quot;:1,&quot;2&quot;:0,&quot;4&quot;:1}]},&quot;9&quot;:1,&quot;10&quot;:1,&quot;14&quot;:{&quot;1&quot;:2,&quot;2&quot;:0},&quot;15&quot;:&quot;Helvetica Neue&quot;,&quot;16&quot;:11,&quot;17&quot;:1}\" data-sheets-textstyleruns=\"{&quot;1&quot;:0}\uee10{&quot;1&quot;:22,&quot;2&quot;:{&quot;2&quot;:{&quot;1&quot;:2,&quot;2&quot;:0},&quot;3&quot;:&quot;Helvetica Neue&quot;,&quot;4&quot;:11,&quot;5&quot;:0}}\">UNE-EN 301 549:2022 \u2013 excluyendo el contenido excluido por el RD 1112\/2018.<\/span><\/p><p>La presente declaracio\u0301n de accesibilidad se aplica al sitio web www.expansionyfinanzas.com.<\/p><div class=\"page\" title=\"Page 6\"><div class=\"layoutArea\"><div class=\"column\"><p><b>2.2 SITUACIO\u0301N DE CUMPLIMIENTO<\/b><\/p><\/div><\/div><div class=\"layoutArea\"><div class=\"column\"><p>Este sitio web es parcialmente conforme con\u00a0<span data-sheets-value=\"{&quot;1&quot;:2,&quot;2&quot;:&quot;UNE-EN 301 549:2022 - excluyendo el contenido excluido por el RD 1112\/2018&quot;}\" data-sheets-userformat=\"{&quot;2&quot;:30975,&quot;3&quot;:{&quot;1&quot;:0,&quot;3&quot;:1},&quot;4&quot;:{&quot;1&quot;:2,&quot;2&quot;:14608111},&quot;5&quot;:{&quot;1&quot;:[{&quot;1&quot;:2,&quot;2&quot;:0,&quot;5&quot;:{&quot;1&quot;:2,&quot;2&quot;:7512015}},{&quot;1&quot;:0,&quot;2&quot;:0,&quot;3&quot;:1},{&quot;1&quot;:1,&quot;2&quot;:0,&quot;4&quot;:1}]},&quot;6&quot;:{&quot;1&quot;:[{&quot;1&quot;:2,&quot;2&quot;:0,&quot;5&quot;:{&quot;1&quot;:2,&quot;2&quot;:7512015}},{&quot;1&quot;:0,&quot;2&quot;:0,&quot;3&quot;:1},{&quot;1&quot;:1,&quot;2&quot;:0,&quot;4&quot;:1}]},&quot;7&quot;:{&quot;1&quot;:[{&quot;1&quot;:2,&quot;2&quot;:0,&quot;5&quot;:{&quot;1&quot;:2,&quot;2&quot;:7512015}},{&quot;1&quot;:0,&quot;2&quot;:0,&quot;3&quot;:1},{&quot;1&quot;:1,&quot;2&quot;:0,&quot;4&quot;:1}]},&quot;8&quot;:{&quot;1&quot;:[{&quot;1&quot;:2,&quot;2&quot;:0,&quot;5&quot;:{&quot;1&quot;:2,&quot;2&quot;:7512015}},{&quot;1&quot;:0,&quot;2&quot;:0,&quot;3&quot;:1},{&quot;1&quot;:1,&quot;2&quot;:0,&quot;4&quot;:1}]},&quot;9&quot;:1,&quot;10&quot;:1,&quot;14&quot;:{&quot;1&quot;:2,&quot;2&quot;:0},&quot;15&quot;:&quot;Helvetica Neue&quot;,&quot;16&quot;:11,&quot;17&quot;:1}\" data-sheets-textstyleruns=\"{&quot;1&quot;:0}\uee10{&quot;1&quot;:22,&quot;2&quot;:{&quot;2&quot;:{&quot;1&quot;:2,&quot;2&quot;:0},&quot;3&quot;:&quot;Helvetica Neue&quot;,&quot;4&quot;:11,&quot;5&quot;:0}}\">UNE-EN 301 549:2022 excluyendo el contenido excluido por el RD 1112\/2018<\/span>\u00a0debido a las excepciones y a la falta de conformidad de los aspectos que se indican a continuacio\u0301n.<\/p><\/div><div class=\"page\" title=\"Page 8\"><div class=\"layoutArea\"><div class=\"column\"><p><b>2.3. CONTENIDO NO ACCESIBLE<\/b><\/p><p>El contenido que se recoge a continuacio\u0301n no es accesible por lo siguiente:<\/p><p>a) falta de conformidad con\u00a0UNE-EN 301 549:2022<\/p><ul><li><em>En el portal existen formularios que no identifican autom\u00e1ticamente la funci\u00f3n de autocompletar,\u00a0requisito nu\u0301mero 9.1.3.5 de\u00a0UNE-EN 301 549:2022.<\/em><\/li><li><em>La presentaci\u00f3n visual de im\u00e1genes e im\u00e1genes de texto no tiene un contraste de al menos 4,5:1, requisito n\u00famero 9.1.4.3 de\u00a0UNE-EN 301 549:2022.<\/em><\/li><li><em>La presentaci\u00f3n visual de los elementos no tiene un contraste de al menos 3:1 con respecto a los colores adyacentes, requisito n\u00famero 9.1.4.11 de\u00a0UNE-EN 301 549:2022.<\/em><\/li><li><em>El espaciado del texto no es amplio en algunas partes del sitio web, requisito 9.1.4.12 de\u00a0UNE-EN 301 549:2022.<\/em><\/li><li><em>Hay contenido oculto que no permanece visible al retirar el cursor del mismo, requisito 9.1.4.13 de\u00a0UNE-EN 301 549:2022.<\/em><\/li><li><em>No todo el contenido del sitio web es accesible desde el teclado, requisito 9.2.1.1 de\u00a0UNE-EN 301 549:2022.<\/em><\/li><li><em>No se puede mover el foco de atenci\u00f3n en algunas partes del sitio web solo con el teclado, requisito 9.2.1.2 de\u00a0UNE-EN 301 549:2022.<\/em><\/li><li><em>No existen mecanismos que permitan desactivar atajos de teclado, requisito 9.2.1.4 de\u00a0UNE-EN 301 549:2022.<\/em><\/li><li><em>No es posible detener l\u00edmites de tiempo en algunas partes del sitio web, requisito 9.2.2.1 de\u00a0UNE-EN 301 549:2022.<\/em><\/li><li><em>No existe un mecanismo para evitar la repetici\u00f3n de bloques de contenido en el sitio web, requisito 9.2.4.1 de\u00a0UNE-EN 301 549:2022.<\/em><\/li><li><em>No hay operabilidad mediante el teclado en algunas partes del sitio web, requisito 9.2.4.7 de\u00a0UNE-EN 301 549:2022.<\/em><\/li><li><em>Hay funciones que no pueden operarse con un solo puntero lo que incumple los requisitos, requisito 9.2.5.1 de\u00a0UNE-EN 301 549:2022 y requisito 9.2.5.2 de UNE-EN 301 549:2022.<\/em><\/li><li><em>Hay im\u00e1genes que no incluyen la etiqueta nombre el contenido, requisito 9.2.5.3 de\u00a0UNE-EN 301 549:2022.<\/em><\/li><li><em>No hay mecanismos para evitar la respuesta al movimiento, requisito 9.2.5.4 de\u00a0UNE-EN 301 549:2022.<\/em><\/li><li><em>No todos los elementos que reciben el foco no cambian el contenido, requisito 9.3.2.1 de\u00a0UNE-EN 301 549:2022.<\/em><\/li><li><em>Hay cambios en componentes que alteran el entorno y no est\u00e1n avisados correctamente, requisito 9.3.2.2 de\u00a0UNE-EN 301 549:2022.<\/em><\/li><li><em>No en todos los navegadores se muestran sugerencias en caso de error en la introducci\u00f3n de datos, requisito 9.3.3.3 de\u00a0UNE-EN 301 549:2022.<\/em><\/li><li><em>No hay reversibilidad en el env\u00edo de datos mediante formularios, requisito 9.3.3.4 de\u00a0UNE-EN 301 549:2022.<\/em><\/li><li><em>No se garantiza que no haya errores en lenguajes de marcas, requisito 9.4.1.1 de\u00a0UNE-EN 301 549:2022.<\/em><\/li><li><em>Hay algunos componentes de usuario dise\u00f1ados que no cumplen el requisito 9.4.1.2 de\u00a0UNE-EN 301 549:2022.<\/em><\/li><li><em>Hay mensajes de estado que pueden aparecer en ocasiones que no est\u00e1n correctamente marcados, requisito 9.4.1.3 de\u00a0UNE-EN 301 549:2022.<\/em><\/li><li><em>No se satisfacen las pautas WCAG 2.1 en el nivel AA, requisito 9.6 de\u00a0UNE-EN 301 549:2022.<\/em><\/li><li><em>No se garantiza la accesibilidad en los enlaces de salida de la web, requisito 11.8.3 de\u00a0UNE-EN 301 549:2022.<\/em><\/li><li><em>La herramienta de autor no muestra sugerencias para reparar criterios de accesibilidad, requisito 11.8.4 de\u00a0UNE-EN 301 549:2022.<\/em><\/li><li><em>Los servicios de apoyo para el sitio web, como el tel\u00e9fono de atenci\u00f3n no se adapta a las personas con discapacidad, requisito 12.2.3 de\u00a0UNE-EN 301 549:2022.<\/em><\/li><li><em>La documentaci\u00f3n suministrada por los servicios de apoyo no est\u00e1 adaptada a las personas con discapacidad, requisito 12.2.4 de\u00a0UNE-EN 301 549:2022.<\/em><\/li><\/ul><p>b) carga desproporcionada<\/p><p>No hay contenido para el que se invoca temporalmente la aplicacio\u0301n de la excepcio\u0301n por carga desproporcionada de conformidad con el arti\u0301culo 5 de la Directiva (UE) 2016\/2102.<\/p><p>c) el contenido no entra dentro del a\u0301mbito de la legislacio\u0301n aplicable<\/p><ul><li><em>No se dispone de botones para la activaci\u00f3n de caracter\u00edsticas de accesibilidad, requisito 5.2 de\u00a0UNE-EN 301 549:2022.<\/em><\/li><li><em>No se emplea biom\u00e9trica en el sitio web, requisito 5.3 de\u00a0UNE-EN 301 549:2022.<\/em><\/li><li><em>No hay conversiones en el sitio web, requisito 5.4 de\u00a0UNE-EN 301 549:2022.<\/em><\/li><li><em>No hay sonido en el sitio web, por lo que no aplican los requisitos 6.1, 6.2.1.1, 6.2.1.2, 6.2.2.1, 6.2.2.2, 6.2.2.3, 6.2.2.4, 6.2.3, 6.2.4, 6.3, 6.4, 6.5.2, 6.5.3, 6.5.4, 6.5.5, 6.5.6, 7.1.1, 7.1.2, 7.1.3, 7.1.4, 7.1.5, 7.2.1, 7.2.2, 7.2.3, 7.3, 9.1.2.1, 9.1.2.2, 9.1.2.3, 9.1.2.5, 9.1.4.2 de\u00a0UNE-EN 301 549:2022.<\/em><\/li><\/ul><div class=\"page\" title=\"Page 9\"><div class=\"layoutArea\"><div class=\"column\"><p><b>2.4. PREPARACIO\u0301N DE LA PRESENTE DECLARACIO\u0301N DE ACCESIBILIDAD<\/b><\/p><p>La presente declaracio\u0301n fue preparada el 15 de Marzo de 2023. Llevada a cabo como autoevaluaci\u00f3n con recursos propios.<\/p><p>U\u0301ltima revisio\u0301n de la declaracio\u0301n: 15 de Marzo de 2023.<\/p><div class=\"page\" title=\"Page 13\"><div class=\"layoutArea\"><div class=\"column\"><p><b>2.5. OBSERVACIONES Y DATOS DE CONTACTO<\/b><\/p><div class=\"page\" title=\"Page 14\"><div class=\"layoutArea\"><div class=\"column\"><ol start=\"0\"><li><ol start=\"0\"><li><p>Puede realizar comunicaciones sobre requisitos de accesibilidad (arti\u0301culo 10.2.a) del RD 1112\/2018) como por ejemplo:<\/p><p>\u2022 informar sobre cualquier posible incumplimiento por parte de este sitio web<\/p><p>\u2022 transmitir otras dificultades de acceso al contenido<\/p><p>\u2022 formular cualquier otra consulta o sugerencia de mejora relativa a la accesibilidad del sitio web<\/p><p>A trave\u0301s del formulario de contacto del sitio web o llamando al tele\u0301fono\u00a0<span class=\"elementor-icon-list-text\">902 088 202<\/span>. Puede presentar:<\/p><ul><li><p>una queja relativa al cumplimiento de los requisitos del RD 1112\/2018 o<\/p><\/li><li><p>una solicitud de Informacio\u0301n accesible relativa a:<\/p><\/li><\/ul><\/li><\/ol><\/li><\/ol><p>o contenidos que esta\u0301n excluidos del a\u0301mbito de aplicacio\u0301n del RD 1112\/2018 segu\u0301n lo establecido por el arti\u0301culo 3, apartado 4<\/p><p>o contenidos que esta\u0301n exentos del cumplimiento de los requisitos de accesibilidad por imponer una carga desproporcionada.<\/p><p>En la Solicitud de informacio\u0301n accesible, se debe concretar, con toda claridad, los hechos, razones y peticio\u0301n que permitan constatar que se trata de una solicitud razonable y legi\u0301tima.<\/p><p>Las comunicaciones, quejas y solicitudes de informacio\u0301n accesible sera\u0301n recibidas y tratadas por <span style=\"font-family: Roboto; color: #323338;\">RCI EXPANSION FINANCIERA, S.L.<\/span><\/p><\/div><div class=\"page\" title=\"Page 15\"><div class=\"layoutArea\"><div class=\"column\"><p><b>2.6. PROCEDIMIENTO DE APLICACIO\u0301N<\/b><\/p><div class=\"page\" title=\"Page 16\"><div class=\"layoutArea\"><div class=\"column\"><p>Si una vez realizada una solicitud de informacio\u0301n accesible o queja, e\u0301sta hubiera sido desestimada, no se estuviera de acuerdo con la decisio\u0301n adoptada, o la respuesta no cumpliera los requisitos contemplados en el arti\u0301culo 12.5, la persona interesada podra\u0301 iniciar una reclamacio\u0301n. Igualmente se podra\u0301 iniciar una reclamacio\u0301n en el caso de que haya trascurrido el plazo de veinte di\u0301as ha\u0301biles sin haber obtenido respuesta.<\/p><p>La reclamacio\u0301n puede ser presentada trave\u0301s del formulario de contacto de la presente web o mediante el tel\u00e9fono 677546676 <span class=\"elementor-icon-list-text\">.<\/span><\/p><p>Las reclamaciones sera\u0301n recibidas y tratadas por <span style=\"font-family: Roboto; color: #323338;\">RCI EXPANSION FINANCIERA, S.L.<\/span><\/p><\/div><\/div><\/div><\/div><\/div><\/div><\/div><\/div><\/div><\/div><\/div><\/div><\/div><\/div><\/div><\/div><\/div><\/div><\/div>\t\t\t\t\t\t\t\t<\/div>\n\t\t\t\t<\/div>\n\t\t\t\t\t<\/div>\n\t\t<\/div>\n\t\t\t\t\t<\/div>\n\t\t<\/section>\n\t\t\t\t<\/div>\n\t\t","protected":false},"excerpt":{"rendered":"<p>Declaraci\u00f3n de accesibilidad 2.1. INTRODUCCIO\u0301N RCI EXPANSION FINANCIERA, S.L. se ha comprometido a hacer accesible www.expansionyfinanzas.com, de conformidad con UNE-EN 301 549:2022 \u2013 excluyendo el contenido excluido por el RD 1112\/2018. La presente declaracio\u0301n de accesibilidad se aplica al sitio web www.expansionyfinanzas.com. 2.2 SITUACIO\u0301N DE CUMPLIMIENTO Este sitio web es parcialmente conforme con\u00a0UNE-EN 301 549:2022 [&hellip;]<\/p>\n","protected":false},"author":1,"featured_media":0,"parent":0,"menu_order":0,"comment_status":"closed","ping_status":"closed","template":"","meta":{"site-sidebar-layout":"no-sidebar","site-content-layout":"page-builder","ast-site-content-layout":"full-width-container","site-content-style":"unboxed","site-sidebar-style":"unboxed","ast-global-header-display":"","ast-banner-title-visibility":"","ast-main-header-display":"","ast-hfb-above-header-display":"","ast-hfb-below-header-display":"","ast-hfb-mobile-header-display":"","site-post-title":"disabled","ast-breadcrumbs-content":"","ast-featured-img":"disabled","footer-sml-layout":"","ast-disable-related-posts":"","theme-transparent-header-meta":"","adv-header-id-meta":"","stick-header-meta":"","header-above-stick-meta":"","header-main-stick-meta":"","header-below-stick-meta":"","astra-migrate-meta-layouts":"set","ast-page-background-enabled":"default","ast-page-background-meta":{"desktop":{"background-color":"var(--ast-global-color-4)","background-image":"","background-repeat":"repeat","background-position":"center center","background-size":"auto","background-attachment":"scroll","background-type":"","background-media":"","overlay-type":"","overlay-color":"","overlay-opacity":"","overlay-gradient":""},"tablet":{"background-color":"","background-image":"","background-repeat":"repeat","background-position":"center center","background-size":"auto","background-attachment":"scroll","background-type":"","background-media":"","overlay-type":"","overlay-color":"","overlay-opacity":"","overlay-gradient":""},"mobile":{"background-color":"","background-image":"","background-repeat":"repeat","background-position":"center center","background-size":"auto","background-attachment":"scroll","background-type":"","background-media":"","overlay-type":"","overlay-color":"","overlay-opacity":"","overlay-gradient":""}},"ast-content-background-meta":{"desktop":{"background-color":"var(--ast-global-color-5)","background-image":"","background-repeat":"repeat","background-position":"center center","background-size":"auto","background-attachment":"scroll","background-type":"","background-media":"","overlay-type":"","overlay-color":"","overlay-opacity":"","overlay-gradient":""},"tablet":{"background-color":"var(--ast-global-color-5)","background-image":"","background-repeat":"repeat","background-position":"center center","background-size":"auto","background-attachment":"scroll","background-type":"","background-media":"","overlay-type":"","overlay-color":"","overlay-opacity":"","overlay-gradient":""},"mobile":{"background-color":"var(--ast-global-color-5)","background-image":"","background-repeat":"repeat","background-position":"center center","background-size":"auto","background-attachment":"scroll","background-type":"","background-media":"","overlay-type":"","overlay-color":"","overlay-opacity":"","overlay-gradient":""}},"footnotes":""},"class_list":["post-22","page","type-page","status-publish","hentry"],"yoast_head":"<!-- This site is optimized with the Yoast SEO plugin v27.4 - https:\/\/yoast.com\/product\/yoast-seo-wordpress\/ -->\n<title>Declaraci\u00f3n de Accesibilidad - Expansi\u00f3n y Finanzas<\/title>\n<meta name=\"robots\" content=\"noindex, nofollow\" \/>\n<meta property=\"og:locale\" content=\"es_ES\" \/>\n<meta property=\"og:type\" content=\"article\" \/>\n<meta property=\"og:title\" content=\"Declaraci\u00f3n de Accesibilidad - Expansi\u00f3n y Finanzas\" \/>\n<meta property=\"og:description\" content=\"Declaraci\u00f3n de accesibilidad 2.1. INTRODUCCIO\u0301N RCI EXPANSION FINANCIERA, S.L. se ha comprometido a hacer accesible www.expansionyfinanzas.com, de conformidad con UNE-EN 301 549:2022 \u2013 excluyendo el contenido excluido por el RD 1112\/2018. La presente declaracio\u0301n de accesibilidad se aplica al sitio web www.expansionyfinanzas.com. 2.2 SITUACIO\u0301N DE CUMPLIMIENTO Este sitio web es parcialmente conforme con\u00a0UNE-EN 301 549:2022 [&hellip;]\" \/>\n<meta property=\"og:url\" content=\"https:\/\/expansionyfinanzas.com\/?page_id=22\" \/>\n<meta property=\"og:site_name\" content=\"Expansi\u00f3n y Finanzas\" \/>\n<meta property=\"article:modified_time\" content=\"2024-12-20T11:02:22+00:00\" \/>\n<meta name=\"twitter:card\" content=\"summary_large_image\" \/>\n<meta name=\"twitter:label1\" content=\"Tiempo de lectura\" \/>\n\t<meta name=\"twitter:data1\" content=\"5 minutos\" \/>\n<script type=\"application\/ld+json\" class=\"yoast-schema-graph\">{\"@context\":\"https:\\\/\\\/schema.org\",\"@graph\":[{\"@type\":\"WebPage\",\"@id\":\"https:\\\/\\\/expansionyfinanzas.com\\\/?page_id=22\",\"url\":\"https:\\\/\\\/expansionyfinanzas.com\\\/?page_id=22\",\"name\":\"Declaraci\u00f3n de Accesibilidad - Expansi\u00f3n y Finanzas\",\"isPartOf\":{\"@id\":\"https:\\\/\\\/expansionyfinanzas.com\\\/#website\"},\"datePublished\":\"2023-05-31T09:41:37+00:00\",\"dateModified\":\"2024-12-20T11:02:22+00:00\",\"breadcrumb\":{\"@id\":\"https:\\\/\\\/expansionyfinanzas.com\\\/?page_id=22#breadcrumb\"},\"inLanguage\":\"es\",\"potentialAction\":[{\"@type\":\"ReadAction\",\"target\":[\"https:\\\/\\\/expansionyfinanzas.com\\\/?page_id=22\"]}]},{\"@type\":\"BreadcrumbList\",\"@id\":\"https:\\\/\\\/expansionyfinanzas.com\\\/?page_id=22#breadcrumb\",\"itemListElement\":[{\"@type\":\"ListItem\",\"position\":1,\"name\":\"Portada\",\"item\":\"https:\\\/\\\/expansionyfinanzas.com\\\/\"},{\"@type\":\"ListItem\",\"position\":2,\"name\":\"Declaraci\u00f3n de Accesibilidad\"}]},{\"@type\":\"WebSite\",\"@id\":\"https:\\\/\\\/expansionyfinanzas.com\\\/#website\",\"url\":\"https:\\\/\\\/expansionyfinanzas.com\\\/\",\"name\":\"Expansi\u00f3n y Finanzas\",\"description\":\"\",\"publisher\":{\"@id\":\"https:\\\/\\\/expansionyfinanzas.com\\\/#organization\"},\"potentialAction\":[{\"@type\":\"SearchAction\",\"target\":{\"@type\":\"EntryPoint\",\"urlTemplate\":\"https:\\\/\\\/expansionyfinanzas.com\\\/?s={search_term_string}\"},\"query-input\":{\"@type\":\"PropertyValueSpecification\",\"valueRequired\":true,\"valueName\":\"search_term_string\"}}],\"inLanguage\":\"es\"},{\"@type\":\"Organization\",\"@id\":\"https:\\\/\\\/expansionyfinanzas.com\\\/#organization\",\"name\":\"Expansi\u00f3n y Finanzas\",\"url\":\"https:\\\/\\\/expansionyfinanzas.com\\\/\",\"logo\":{\"@type\":\"ImageObject\",\"inLanguage\":\"es\",\"@id\":\"https:\\\/\\\/expansionyfinanzas.com\\\/#\\\/schema\\\/logo\\\/image\\\/\",\"url\":\"https:\\\/\\\/expansionyfinanzas.com\\\/wp-content\\\/uploads\\\/2023\\\/05\\\/cropped-cropped-Logotipo_Mesa-de-trabajo-1-1.png\",\"contentUrl\":\"https:\\\/\\\/expansionyfinanzas.com\\\/wp-content\\\/uploads\\\/2023\\\/05\\\/cropped-cropped-Logotipo_Mesa-de-trabajo-1-1.png\",\"width\":512,\"height\":512,\"caption\":\"Expansi\u00f3n y Finanzas\"},\"image\":{\"@id\":\"https:\\\/\\\/expansionyfinanzas.com\\\/#\\\/schema\\\/logo\\\/image\\\/\"}}]}<\/script>\n<!-- \/ Yoast SEO plugin. -->","yoast_head_json":{"title":"Declaraci\u00f3n de Accesibilidad - Expansi\u00f3n y Finanzas","robots":{"index":"noindex","follow":"nofollow"},"og_locale":"es_ES","og_type":"article","og_title":"Declaraci\u00f3n de Accesibilidad - Expansi\u00f3n y Finanzas","og_description":"Declaraci\u00f3n de accesibilidad 2.1. INTRODUCCIO\u0301N RCI EXPANSION FINANCIERA, S.L. se ha comprometido a hacer accesible www.expansionyfinanzas.com, de conformidad con UNE-EN 301 549:2022 \u2013 excluyendo el contenido excluido por el RD 1112\/2018. La presente declaracio\u0301n de accesibilidad se aplica al sitio web www.expansionyfinanzas.com. 2.2 SITUACIO\u0301N DE CUMPLIMIENTO Este sitio web es parcialmente conforme con\u00a0UNE-EN 301 549:2022 [&hellip;]","og_url":"https:\/\/expansionyfinanzas.com\/?page_id=22","og_site_name":"Expansi\u00f3n y Finanzas","article_modified_time":"2024-12-20T11:02:22+00:00","twitter_card":"summary_large_image","twitter_misc":{"Tiempo de lectura":"5 minutos"},"schema":{"@context":"https:\/\/schema.org","@graph":[{"@type":"WebPage","@id":"https:\/\/expansionyfinanzas.com\/?page_id=22","url":"https:\/\/expansionyfinanzas.com\/?page_id=22","name":"Declaraci\u00f3n de Accesibilidad - Expansi\u00f3n y Finanzas","isPartOf":{"@id":"https:\/\/expansionyfinanzas.com\/#website"},"datePublished":"2023-05-31T09:41:37+00:00","dateModified":"2024-12-20T11:02:22+00:00","breadcrumb":{"@id":"https:\/\/expansionyfinanzas.com\/?page_id=22#breadcrumb"},"inLanguage":"es","potentialAction":[{"@type":"ReadAction","target":["https:\/\/expansionyfinanzas.com\/?page_id=22"]}]},{"@type":"BreadcrumbList","@id":"https:\/\/expansionyfinanzas.com\/?page_id=22#breadcrumb","itemListElement":[{"@type":"ListItem","position":1,"name":"Portada","item":"https:\/\/expansionyfinanzas.com\/"},{"@type":"ListItem","position":2,"name":"Declaraci\u00f3n de Accesibilidad"}]},{"@type":"WebSite","@id":"https:\/\/expansionyfinanzas.com\/#website","url":"https:\/\/expansionyfinanzas.com\/","name":"Expansi\u00f3n y Finanzas","description":"","publisher":{"@id":"https:\/\/expansionyfinanzas.com\/#organization"},"potentialAction":[{"@type":"SearchAction","target":{"@type":"EntryPoint","urlTemplate":"https:\/\/expansionyfinanzas.com\/?s={search_term_string}"},"query-input":{"@type":"PropertyValueSpecification","valueRequired":true,"valueName":"search_term_string"}}],"inLanguage":"es"},{"@type":"Organization","@id":"https:\/\/expansionyfinanzas.com\/#organization","name":"Expansi\u00f3n y Finanzas","url":"https:\/\/expansionyfinanzas.com\/","logo":{"@type":"ImageObject","inLanguage":"es","@id":"https:\/\/expansionyfinanzas.com\/#\/schema\/logo\/image\/","url":"https:\/\/expansionyfinanzas.com\/wp-content\/uploads\/2023\/05\/cropped-cropped-Logotipo_Mesa-de-trabajo-1-1.png","contentUrl":"https:\/\/expansionyfinanzas.com\/wp-content\/uploads\/2023\/05\/cropped-cropped-Logotipo_Mesa-de-trabajo-1-1.png","width":512,"height":512,"caption":"Expansi\u00f3n y Finanzas"},"image":{"@id":"https:\/\/expansionyfinanzas.com\/#\/schema\/logo\/image\/"}}]}},"_links":{"self":[{"href":"https:\/\/expansionyfinanzas.com\/index.php?rest_route=\/wp\/v2\/pages\/22","targetHints":{"allow":["GET"]}}],"collection":[{"href":"https:\/\/expansionyfinanzas.com\/index.php?rest_route=\/wp\/v2\/pages"}],"about":[{"href":"https:\/\/expansionyfinanzas.com\/index.php?rest_route=\/wp\/v2\/types\/page"}],"author":[{"embeddable":true,"href":"https:\/\/expansionyfinanzas.com\/index.php?rest_route=\/wp\/v2\/users\/1"}],"replies":[{"embeddable":true,"href":"https:\/\/expansionyfinanzas.com\/index.php?rest_route=%2Fwp%2Fv2%2Fcomments&post=22"}],"version-history":[{"count":23,"href":"https:\/\/expansionyfinanzas.com\/index.php?rest_route=\/wp\/v2\/pages\/22\/revisions"}],"predecessor-version":[{"id":680,"href":"https:\/\/expansionyfinanzas.com\/index.php?rest_route=\/wp\/v2\/pages\/22\/revisions\/680"}],"wp:attachment":[{"href":"https:\/\/expansionyfinanzas.com\/index.php?rest_route=%2Fwp%2Fv2%2Fmedia&parent=22"}],"curies":[{"name":"wp","href":"https:\/\/api.w.org\/{rel}","templated":true}]}}