{"id":3,"date":"2023-05-26T15:19:51","date_gmt":"2023-05-26T15:19:51","guid":{"rendered":"https:\/\/expansionyfinanzas.com\/?page_id=3"},"modified":"2024-12-20T11:05:18","modified_gmt":"2024-12-20T11:05:18","slug":"privacy-policy","status":"publish","type":"page","link":"https:\/\/expansionyfinanzas.com\/?page_id=3","title":{"rendered":"Pol\u00edtica de privacidad"},"content":{"rendered":"\t\t<div data-elementor-type=\"wp-page\" data-elementor-id=\"3\" class=\"elementor elementor-3\" data-elementor-post-type=\"page\">\n\t\t\t\t\t\t<section class=\"elementor-section elementor-top-section elementor-element elementor-element-afd302c elementor-section-boxed elementor-section-height-default elementor-section-height-default\" data-id=\"afd302c\" data-element_type=\"section\" data-e-type=\"section\">\n\t\t\t\t\t\t<div class=\"elementor-container elementor-column-gap-default\">\n\t\t\t\t\t<div class=\"elementor-column elementor-col-100 elementor-top-column elementor-element elementor-element-cbc1133\" data-id=\"cbc1133\" data-element_type=\"column\" data-e-type=\"column\">\n\t\t\t<div class=\"elementor-widget-wrap elementor-element-populated\">\n\t\t\t\t\t\t<div class=\"elementor-element elementor-element-e7a589a elementor-widget elementor-widget-heading\" data-id=\"e7a589a\" data-element_type=\"widget\" data-e-type=\"widget\" data-widget_type=\"heading.default\">\n\t\t\t\t<div class=\"elementor-widget-container\">\n\t\t\t\t\t<h2 class=\"elementor-heading-title elementor-size-default\">Pol\u00edtica de privacidad<\/h2>\t\t\t\t<\/div>\n\t\t\t\t<\/div>\n\t\t\t\t<div class=\"elementor-element elementor-element-596642d elementor-widget elementor-widget-text-editor\" data-id=\"596642d\" data-element_type=\"widget\" data-e-type=\"widget\" data-widget_type=\"text-editor.default\">\n\t\t\t\t<div class=\"elementor-widget-container\">\n\t\t\t\t\t\t\t\t\t<p>Esta pol\u00edtica de privacidad aplica al tratamiento de datos de los usuarios del sitio web de: www.expansionyfinanzas.com . Siguiendo los principios de licitud, lealtad y transparencia, ponemos a su disposici\u00f3n la presente Pol\u00edtica de Privacidad, y en cumplimiento de lo establecido en la Ley 34\/2002, de 11 de julio, de Servicios de la Sociedad de la Informaci\u00f3n y de comercio electr\u00f3nico; y del Reglamento General de Protecci\u00f3n de Datos de 25 de mayo de 2018, se informa que este sitio web es propiedad de:<\/p><p><b>RESPONSABLE DEL TRATAMIENTO<\/b><\/p><p>Identidad: <span style=\"font-family: Roboto; color: #323338;\">RCI EXPANSION FINANCIERA, S.L.<\/span><\/p><p>C.I.F: <span style=\"font-family: Roboto; color: #323338;\">B84882224<\/span><\/p><p>Direcci\u00f3n postal: <span style=\"font-family: Roboto; color: #323338;\">CALLE GALERA, 21. 28891, VELILLA DE SAN ANTONIO, <\/span><span style=\"font-family: Roboto; color: #323338;\">MADRID<\/span><\/p><p>Correo electr\u00f3nico: rdc@alcenara.com<\/p><p><b>FINALIDAD DEL TRATAMIENTO DE LOS DATOS Y CONSERVACI\u00d3N<\/b><\/p><p>La recogida y tratamiento automatizado de los Datos de Car\u00e1cter Personal tiene como finalidad el desempe\u00f1o de las tareas de informaci\u00f3n, formaci\u00f3n, comercializaci\u00f3n y otras actividades propias de Expansi\u00f3n y Finanzas, tanto a Clientes como a Preclientes o Solicitantes de informaci\u00f3n, recibidos a trav\u00e9s de los formularios de contacto de la p\u00e1gina web.<\/p><p><b>TIEMPO DE CONSERVACI\u00d3N DE SUS DATOS PERSONALES<\/b><\/p><p>Sus datos, ser\u00e1n conservados el tiempo m\u00ednimo necesario para la correcta prestaci\u00f3n del\u00a0servicio ofrecido, as\u00ed como para atender las responsabilidades que se pudieran derivar del\u00a0mismo y de cualquier otra exigencia legal.<\/p><p><b>LEGITIMACI\u00d3N PARA EL TRATAMIENTO DE LOS DATOS<\/b><\/p><p>La base legal para el tratamiento de sus datos personales puede ser la ejecuci\u00f3n de una\u00a0relaci\u00f3n contractual potencial y\/o suscrita, el inter\u00e9s leg\u00edtimo, la habilitaci\u00f3n legal y\/o el\u00a0consentimiento del propio interesado. Los datos que le solicitamos son adecuados, pertinentes\u00a0y estrictamente necesarios y en ning\u00fan caso est\u00e1 obligado a facilit\u00e1rselos, pero su no\u00a0comunicaci\u00f3n podr\u00e1 afectar a la finalidad del servicio o la imposibilidad de prestarlo.<\/p><p><b>DESTINATARIOS DE SUS DATOS<\/b><\/p><p>Sus datos no se facilitar\u00e1n a ninguna otra empresa con estricta confidencialidad, para fines\u00a0administrativos internos y conforme a las medidas de seguridad de la normativa vigente, salvo\u00a0que se informe de ello expresamente.<\/p><p><b>\u00bfCU\u00c1LES SON SUS DERECHOS?<\/b><\/p><p>Como persona titular de los datos tratados por Expansi\u00f3n y Finanzas tiene derecho en todo momento a:<\/p><p>\u2013 Solicitar el acceso a los datos personales relativos al interesado<\/p><p>\u2013 Rectificaci\u00f3n o supresi\u00f3n<\/p><p>\u2013 Ejercer su derecho a oposici\u00f3n<\/p><p>\u2013 Solicitar la limitaci\u00f3n de su tratamiento<\/p><p>\u2013 Portabilidad de los datos<\/p><p>Para ejercer dichos derechos podr\u00e1s ponerte en contacto con nosotros a trav\u00e9s del correo electr\u00f3nico rdc@alcenara.com adjuntando copia del DNI o documento an\u00e1logo. As\u00ed mismo, en caso de no estar satisfecho con la respuesta al ejercicio de sus derechos, podr\u00e1 presentar una reclamaci\u00f3n ante la Agencia Espa\u00f1ola de Protecci\u00f3n de datos a trav\u00e9s de su sede electr\u00f3nica en www.aepd.es.<\/p><p><b>RETIRADA EL CONSENTIMIENTO<\/b><\/p><p>En cualquier momento podr\u00e1 revocar el consentimiento que nos est\u00e1 otorgando. Usted tiene\u00a0la posibilidad y el derecho a retirar el consentimiento para cualquiera finalidad espec\u00edfica\u00a0otorgada en su momento, sin que ello afecte a la licitud del tratamiento basado en el\u00a0consentimiento previo a su retirada.<\/p><p><b>RECLAMACIONES EN CASO DE INCUMPLIMIENTO DE LA POL\u00cdTICA DE PRIVACIDAD<\/b><\/p><p>Si alg\u00fan interesado considera que sus datos no son tratados correctamente por Expansi\u00f3n y Finanzas puede dirigir sus reclamaciones al correo rdc@alcenara.com o a la autoridad de protecci\u00f3n de datos que corresponda, siendo la Agencia Espa\u00f1ola de Protecci\u00f3n de Datos (en adelante AEPD) la indicada en el territorio nacional, sita en C\/ Jorge Juan, 6. 28001 \u2013 Madrid, y a trav\u00e9s de su web: www.aepd.es.<\/p><p><b>SEGURIDAD Y ACTUALIZACI\u00d3N DE SUS DATOS PERSONALES<\/b><\/p><p>Con el objetivo de salvaguardar la seguridad de sus datos personales, le informamos que Expansi\u00f3n y Finanzas ha adoptado todas las medidas de \u00edndole t\u00e9cnica y organizativa necesarias para garantizar la seguridad de los datos personales suministrados. Todo ello para evitar su alteraci\u00f3n, p\u00e9rdida, y\/o tratamientos o accesos no autorizados, tal como exige la normativa, si bien la seguridad absoluta no existe. Es importante que, para que podamos mantener sus datos personales actualizados, nos informe siempre que se produzca una modificaci\u00f3n de los mismos.<\/p><p><b>CONFIDENCIALIDAD<\/b><\/p><p>Expansi\u00f3n y Finanzas le informa que sus datos ser\u00e1n tratados con el m\u00e1ximo celo y confidencialidad por todo el personal que intervenga en cualquiera de las fases del tratamiento. No cederemos ni comunicaremos a ning\u00fan tercero sus datos, excepto en los casos legalmente previstos, o salvo que el interesado nos hubiera autorizado expresamente.<\/p>\t\t\t\t\t\t\t\t<\/div>\n\t\t\t\t<\/div>\n\t\t\t\t\t<\/div>\n\t\t<\/div>\n\t\t\t\t\t<\/div>\n\t\t<\/section>\n\t\t\t\t<\/div>\n\t\t","protected":false},"excerpt":{"rendered":"<p>Pol\u00edtica de privacidad Esta pol\u00edtica de privacidad aplica al tratamiento de datos de los usuarios del sitio web de: www.expansionyfinanzas.com . Siguiendo los principios de licitud, lealtad y transparencia, ponemos a su disposici\u00f3n la presente Pol\u00edtica de Privacidad, y en cumplimiento de lo establecido en la Ley 34\/2002, de 11 de julio, de Servicios de [&hellip;]<\/p>\n","protected":false},"author":1,"featured_media":0,"parent":0,"menu_order":0,"comment_status":"closed","ping_status":"open","template":"","meta":{"site-sidebar-layout":"default","site-content-layout":"","ast-site-content-layout":"default","site-content-style":"default","site-sidebar-style":"default","ast-global-header-display":"","ast-banner-title-visibility":"","ast-main-header-display":"","ast-hfb-above-header-display":"","ast-hfb-below-header-display":"","ast-hfb-mobile-header-display":"","site-post-title":"disabled","ast-breadcrumbs-content":"","ast-featured-img":"","footer-sml-layout":"","ast-disable-related-posts":"","theme-transparent-header-meta":"","adv-header-id-meta":"","stick-header-meta":"","header-above-stick-meta":"","header-main-stick-meta":"","header-below-stick-meta":"","astra-migrate-meta-layouts":"set","ast-page-background-enabled":"default","ast-page-background-meta":{"desktop":{"background-color":"var(--ast-global-color-4)","background-image":"","background-repeat":"repeat","background-position":"center center","background-size":"auto","background-attachment":"scroll","background-type":"","background-media":"","overlay-type":"","overlay-color":"","overlay-opacity":"","overlay-gradient":""},"tablet":{"background-color":"","background-image":"","background-repeat":"repeat","background-position":"center center","background-size":"auto","background-attachment":"scroll","background-type":"","background-media":"","overlay-type":"","overlay-color":"","overlay-opacity":"","overlay-gradient":""},"mobile":{"background-color":"","background-image":"","background-repeat":"repeat","background-position":"center center","background-size":"auto","background-attachment":"scroll","background-type":"","background-media":"","overlay-type":"","overlay-color":"","overlay-opacity":"","overlay-gradient":""}},"ast-content-background-meta":{"desktop":{"background-color":"var(--ast-global-color-5)","background-image":"","background-repeat":"repeat","background-position":"center center","background-size":"auto","background-attachment":"scroll","background-type":"","background-media":"","overlay-type":"","overlay-color":"","overlay-opacity":"","overlay-gradient":""},"tablet":{"background-color":"var(--ast-global-color-5)","background-image":"","background-repeat":"repeat","background-position":"center center","background-size":"auto","background-attachment":"scroll","background-type":"","background-media":"","overlay-type":"","overlay-color":"","overlay-opacity":"","overlay-gradient":""},"mobile":{"background-color":"var(--ast-global-color-5)","background-image":"","background-repeat":"repeat","background-position":"center center","background-size":"auto","background-attachment":"scroll","background-type":"","background-media":"","overlay-type":"","overlay-color":"","overlay-opacity":"","overlay-gradient":""}},"footnotes":""},"class_list":["post-3","page","type-page","status-publish","hentry"],"yoast_head":"<!-- This site is optimized with the Yoast SEO plugin v27.5 - https:\/\/yoast.com\/product\/yoast-seo-wordpress\/ -->\n<title>Pol\u00edtica de privacidad - Expansi\u00f3n y Finanzas<\/title>\n<meta name=\"robots\" content=\"noindex, nofollow\" \/>\n<meta property=\"og:locale\" content=\"es_ES\" \/>\n<meta property=\"og:type\" content=\"article\" \/>\n<meta property=\"og:title\" content=\"Pol\u00edtica de privacidad - Expansi\u00f3n y Finanzas\" \/>\n<meta property=\"og:description\" content=\"Pol\u00edtica de privacidad Esta pol\u00edtica de privacidad aplica al tratamiento de datos de los usuarios del sitio web de: www.expansionyfinanzas.com . Siguiendo los principios de licitud, lealtad y transparencia, ponemos a su disposici\u00f3n la presente Pol\u00edtica de Privacidad, y en cumplimiento de lo establecido en la Ley 34\/2002, de 11 de julio, de Servicios de [&hellip;]\" \/>\n<meta property=\"og:url\" content=\"https:\/\/expansionyfinanzas.com\/?page_id=3\" \/>\n<meta property=\"og:site_name\" content=\"Expansi\u00f3n y Finanzas\" \/>\n<meta property=\"article:modified_time\" content=\"2024-12-20T11:05:18+00:00\" \/>\n<meta name=\"twitter:card\" content=\"summary_large_image\" \/>\n<meta name=\"twitter:label1\" content=\"Tiempo de lectura\" \/>\n\t<meta name=\"twitter:data1\" content=\"4 minutos\" \/>\n<script type=\"application\/ld+json\" class=\"yoast-schema-graph\">{\"@context\":\"https:\\\/\\\/schema.org\",\"@graph\":[{\"@type\":\"WebPage\",\"@id\":\"https:\\\/\\\/expansionyfinanzas.com\\\/?page_id=3\",\"url\":\"https:\\\/\\\/expansionyfinanzas.com\\\/?page_id=3\",\"name\":\"Pol\u00edtica de privacidad - Expansi\u00f3n y Finanzas\",\"isPartOf\":{\"@id\":\"https:\\\/\\\/expansionyfinanzas.com\\\/#website\"},\"datePublished\":\"2023-05-26T15:19:51+00:00\",\"dateModified\":\"2024-12-20T11:05:18+00:00\",\"breadcrumb\":{\"@id\":\"https:\\\/\\\/expansionyfinanzas.com\\\/?page_id=3#breadcrumb\"},\"inLanguage\":\"es\",\"potentialAction\":[{\"@type\":\"ReadAction\",\"target\":[\"https:\\\/\\\/expansionyfinanzas.com\\\/?page_id=3\"]}]},{\"@type\":\"BreadcrumbList\",\"@id\":\"https:\\\/\\\/expansionyfinanzas.com\\\/?page_id=3#breadcrumb\",\"itemListElement\":[{\"@type\":\"ListItem\",\"position\":1,\"name\":\"Portada\",\"item\":\"https:\\\/\\\/expansionyfinanzas.com\\\/\"},{\"@type\":\"ListItem\",\"position\":2,\"name\":\"Pol\u00edtica de privacidad\"}]},{\"@type\":\"WebSite\",\"@id\":\"https:\\\/\\\/expansionyfinanzas.com\\\/#website\",\"url\":\"https:\\\/\\\/expansionyfinanzas.com\\\/\",\"name\":\"Expansi\u00f3n y Finanzas\",\"description\":\"\",\"publisher\":{\"@id\":\"https:\\\/\\\/expansionyfinanzas.com\\\/#organization\"},\"potentialAction\":[{\"@type\":\"SearchAction\",\"target\":{\"@type\":\"EntryPoint\",\"urlTemplate\":\"https:\\\/\\\/expansionyfinanzas.com\\\/?s={search_term_string}\"},\"query-input\":{\"@type\":\"PropertyValueSpecification\",\"valueRequired\":true,\"valueName\":\"search_term_string\"}}],\"inLanguage\":\"es\"},{\"@type\":\"Organization\",\"@id\":\"https:\\\/\\\/expansionyfinanzas.com\\\/#organization\",\"name\":\"Expansi\u00f3n y Finanzas\",\"url\":\"https:\\\/\\\/expansionyfinanzas.com\\\/\",\"logo\":{\"@type\":\"ImageObject\",\"inLanguage\":\"es\",\"@id\":\"https:\\\/\\\/expansionyfinanzas.com\\\/#\\\/schema\\\/logo\\\/image\\\/\",\"url\":\"https:\\\/\\\/expansionyfinanzas.com\\\/wp-content\\\/uploads\\\/2023\\\/05\\\/cropped-cropped-Logotipo_Mesa-de-trabajo-1-1.png\",\"contentUrl\":\"https:\\\/\\\/expansionyfinanzas.com\\\/wp-content\\\/uploads\\\/2023\\\/05\\\/cropped-cropped-Logotipo_Mesa-de-trabajo-1-1.png\",\"width\":512,\"height\":512,\"caption\":\"Expansi\u00f3n y Finanzas\"},\"image\":{\"@id\":\"https:\\\/\\\/expansionyfinanzas.com\\\/#\\\/schema\\\/logo\\\/image\\\/\"}}]}<\/script>\n<!-- \/ Yoast SEO plugin. -->","yoast_head_json":{"title":"Pol\u00edtica de privacidad - Expansi\u00f3n y Finanzas","robots":{"index":"noindex","follow":"nofollow"},"og_locale":"es_ES","og_type":"article","og_title":"Pol\u00edtica de privacidad - Expansi\u00f3n y Finanzas","og_description":"Pol\u00edtica de privacidad Esta pol\u00edtica de privacidad aplica al tratamiento de datos de los usuarios del sitio web de: www.expansionyfinanzas.com . Siguiendo los principios de licitud, lealtad y transparencia, ponemos a su disposici\u00f3n la presente Pol\u00edtica de Privacidad, y en cumplimiento de lo establecido en la Ley 34\/2002, de 11 de julio, de Servicios de [&hellip;]","og_url":"https:\/\/expansionyfinanzas.com\/?page_id=3","og_site_name":"Expansi\u00f3n y Finanzas","article_modified_time":"2024-12-20T11:05:18+00:00","twitter_card":"summary_large_image","twitter_misc":{"Tiempo de lectura":"4 minutos"},"schema":{"@context":"https:\/\/schema.org","@graph":[{"@type":"WebPage","@id":"https:\/\/expansionyfinanzas.com\/?page_id=3","url":"https:\/\/expansionyfinanzas.com\/?page_id=3","name":"Pol\u00edtica de privacidad - Expansi\u00f3n y Finanzas","isPartOf":{"@id":"https:\/\/expansionyfinanzas.com\/#website"},"datePublished":"2023-05-26T15:19:51+00:00","dateModified":"2024-12-20T11:05:18+00:00","breadcrumb":{"@id":"https:\/\/expansionyfinanzas.com\/?page_id=3#breadcrumb"},"inLanguage":"es","potentialAction":[{"@type":"ReadAction","target":["https:\/\/expansionyfinanzas.com\/?page_id=3"]}]},{"@type":"BreadcrumbList","@id":"https:\/\/expansionyfinanzas.com\/?page_id=3#breadcrumb","itemListElement":[{"@type":"ListItem","position":1,"name":"Portada","item":"https:\/\/expansionyfinanzas.com\/"},{"@type":"ListItem","position":2,"name":"Pol\u00edtica de privacidad"}]},{"@type":"WebSite","@id":"https:\/\/expansionyfinanzas.com\/#website","url":"https:\/\/expansionyfinanzas.com\/","name":"Expansi\u00f3n y Finanzas","description":"","publisher":{"@id":"https:\/\/expansionyfinanzas.com\/#organization"},"potentialAction":[{"@type":"SearchAction","target":{"@type":"EntryPoint","urlTemplate":"https:\/\/expansionyfinanzas.com\/?s={search_term_string}"},"query-input":{"@type":"PropertyValueSpecification","valueRequired":true,"valueName":"search_term_string"}}],"inLanguage":"es"},{"@type":"Organization","@id":"https:\/\/expansionyfinanzas.com\/#organization","name":"Expansi\u00f3n y Finanzas","url":"https:\/\/expansionyfinanzas.com\/","logo":{"@type":"ImageObject","inLanguage":"es","@id":"https:\/\/expansionyfinanzas.com\/#\/schema\/logo\/image\/","url":"https:\/\/expansionyfinanzas.com\/wp-content\/uploads\/2023\/05\/cropped-cropped-Logotipo_Mesa-de-trabajo-1-1.png","contentUrl":"https:\/\/expansionyfinanzas.com\/wp-content\/uploads\/2023\/05\/cropped-cropped-Logotipo_Mesa-de-trabajo-1-1.png","width":512,"height":512,"caption":"Expansi\u00f3n y Finanzas"},"image":{"@id":"https:\/\/expansionyfinanzas.com\/#\/schema\/logo\/image\/"}}]}},"_links":{"self":[{"href":"https:\/\/expansionyfinanzas.com\/index.php?rest_route=\/wp\/v2\/pages\/3","targetHints":{"allow":["GET"]}}],"collection":[{"href":"https:\/\/expansionyfinanzas.com\/index.php?rest_route=\/wp\/v2\/pages"}],"about":[{"href":"https:\/\/expansionyfinanzas.com\/index.php?rest_route=\/wp\/v2\/types\/page"}],"author":[{"embeddable":true,"href":"https:\/\/expansionyfinanzas.com\/index.php?rest_route=\/wp\/v2\/users\/1"}],"replies":[{"embeddable":true,"href":"https:\/\/expansionyfinanzas.com\/index.php?rest_route=%2Fwp%2Fv2%2Fcomments&post=3"}],"version-history":[{"count":18,"href":"https:\/\/expansionyfinanzas.com\/index.php?rest_route=\/wp\/v2\/pages\/3\/revisions"}],"predecessor-version":[{"id":682,"href":"https:\/\/expansionyfinanzas.com\/index.php?rest_route=\/wp\/v2\/pages\/3\/revisions\/682"}],"wp:attachment":[{"href":"https:\/\/expansionyfinanzas.com\/index.php?rest_route=%2Fwp%2Fv2%2Fmedia&parent=3"}],"curies":[{"name":"wp","href":"https:\/\/api.w.org\/{rel}","templated":true}]}}